{"id":73,"date":"2022-01-07T11:13:01","date_gmt":"2022-01-07T10:13:01","guid":{"rendered":"https:\/\/www.villabordoni.pro\/room-suite\/mezzuola-classic-double\/"},"modified":"2026-03-08T13:22:49","modified_gmt":"2026-03-08T12:22:49","slug":"mezzuola-classic-double","status":"publish","type":"page","link":"https:\/\/www.villabordoni.pro\/it\/camere-suite\/mezzuola-classic-double\/","title":{"rendered":"Mezzuola Classic Double"},"content":{"rendered":"\n<p>Situata al piano terra della villa, questa magnifica stanza \u00e8 dotata di un grande letto matrimoniale a baldacchino e di una delle stanze da bagno pi\u00f9 ampie di tutto l\u2019albergo.<\/p>\n\n\n\n<!--more-->\n\n\n\n<p>Situata al piano terra della villa, questa magnifica stanza \u00e8 dotata di un grande letto matrimoniale a baldacchino e di una delle stanze da bagno pi\u00f9 ampie di tutto l\u2019albergo.<\/p>\n\n\n\n<p>Le decorazioni interne richiamano in qualche modo la tradizione toscana, grazie ai motivi a strisce dai caldi colori terra; il tutto \u00e8 per\u00f2 ravvivato da occasionali inserti di tonalit\u00e0 forti e contrastanti, come il blu cobalto, che regna all\u2019ingresso della camera, e i magnifici toni di giallo della stanza da bagno.<\/p>\n\n\n\n<p>Alcuni elementi decorativi singolari, come una finestra a obl\u00f2 e una singolare poltrona con \u2018cappuccio\u2019, contribuiscono a rendere davvero unico quest\u2019ambiente.<\/p>\n\n\n\n<p>La camera, che misura 25 mq, \u00e8 dotata di un grande televisore LED HD, lettore BluRay, Wi-Fi, cassa Bluetooth, mini bar, telefono, cassaforte, aria condizionata e riscaldamento.<\/p>\n\n\n\n<p>L\u2019ampia stanza da bagno, di 9mq, include una grande doccia fatta su misura, con panca e idromassaggio. La stanza e il bagno sono facilmente accessibili anche con sedie a rotelle.<\/p>\n","protected":false},"excerpt":{"rendered":"<p>Situata al piano terra della villa, questa magnifica stanza \u00e8 dotata di un grande letto matrimoniale a baldacchino e di una delle stanze da bagno pi\u00f9 ampie di tutto l\u2019albergo.<\/p>\n","protected":false},"author":1,"featured_media":619,"parent":57,"menu_order":18,"comment_status":"closed","ping_status":"closed","template":"template-room-details.php","meta":{"_acf_changed":false,"footnotes":""},"class_list":["post-73","page","type-page","status-publish","has-post-thumbnail","hentry"],"acf":[],"yoast_head":"<!-- This site is optimized with the Yoast SEO plugin v27.5 - https:\/\/yoast.com\/product\/yoast-seo-wordpress\/ -->\n<title>Mezzuola | Camera Classic Double nel Chianti - Villa Bordoni<\/title>\n<meta name=\"description\" content=\"La Mezzuola: camera con letto a baldacchino e bagno en suite tra i pi\u00f9 ampi dell&#039;albergo. Decorazioni in stile toscano classico nel Chianti Classico.\" \/>\n<meta name=\"robots\" content=\"index, follow, max-snippet:-1, max-image-preview:large, max-video-preview:-1\" \/>\n<link rel=\"canonical\" href=\"https:\/\/www.villabordoni.pro\/it\/camere-suite\/mezzuola-classic-double\/\" \/>\n<meta property=\"og:locale\" content=\"it_IT\" \/>\n<meta property=\"og:type\" content=\"article\" \/>\n<meta property=\"og:title\" content=\"Mezzuola | Camera Classic Double nel Chianti - Villa Bordoni\" \/>\n<meta property=\"og:description\" content=\"La Mezzuola: camera con letto a baldacchino e bagno en suite tra i pi\u00f9 ampi dell&#039;albergo. Decorazioni in stile toscano classico nel Chianti Classico.\" \/>\n<meta property=\"og:url\" content=\"https:\/\/www.villabordoni.pro\/it\/camere-suite\/mezzuola-classic-double\/\" \/>\n<meta property=\"og:site_name\" content=\"Villa Bordoni Chianti Hotel\" \/>\n<meta property=\"article:modified_time\" content=\"2026-03-08T12:22:49+00:00\" \/>\n<meta property=\"og:image\" content=\"https:\/\/www.villabordoni.pro\/wp-content\/uploads\/2022\/02\/Mezzuola.jpg\" \/>\n\t<meta property=\"og:image:width\" content=\"1920\" \/>\n\t<meta property=\"og:image:height\" content=\"1080\" \/>\n\t<meta property=\"og:image:type\" content=\"image\/jpeg\" \/>\n<meta name=\"twitter:card\" content=\"summary_large_image\" \/>\n<meta name=\"twitter:label1\" content=\"Tempo di lettura stimato\" \/>\n\t<meta name=\"twitter:data1\" content=\"2 minuti\" \/>\n<script type=\"application\/ld+json\" class=\"yoast-schema-graph\">{\"@context\":\"https:\\\/\\\/schema.org\",\"@graph\":[{\"@type\":\"WebPage\",\"@id\":\"https:\\\/\\\/www.villabordoni.pro\\\/it\\\/camere-suite\\\/mezzuola-classic-double\\\/\",\"url\":\"https:\\\/\\\/www.villabordoni.pro\\\/it\\\/camere-suite\\\/mezzuola-classic-double\\\/\",\"name\":\"Mezzuola | Camera Classic Double nel Chianti - Villa Bordoni\",\"isPartOf\":{\"@id\":\"https:\\\/\\\/www.villabordoni.pro\\\/#website\"},\"primaryImageOfPage\":{\"@id\":\"https:\\\/\\\/www.villabordoni.pro\\\/it\\\/camere-suite\\\/mezzuola-classic-double\\\/#primaryimage\"},\"image\":{\"@id\":\"https:\\\/\\\/www.villabordoni.pro\\\/it\\\/camere-suite\\\/mezzuola-classic-double\\\/#primaryimage\"},\"thumbnailUrl\":\"https:\\\/\\\/www.villabordoni.pro\\\/wp-content\\\/uploads\\\/2022\\\/02\\\/Mezzuola.jpg\",\"datePublished\":\"2022-01-07T10:13:01+00:00\",\"dateModified\":\"2026-03-08T12:22:49+00:00\",\"description\":\"La Mezzuola: camera con letto a baldacchino e bagno en suite tra i pi\u00f9 ampi dell'albergo. Decorazioni in stile toscano classico nel Chianti Classico.\",\"breadcrumb\":{\"@id\":\"https:\\\/\\\/www.villabordoni.pro\\\/it\\\/camere-suite\\\/mezzuola-classic-double\\\/#breadcrumb\"},\"inLanguage\":\"it-IT\",\"potentialAction\":[{\"@type\":\"ReadAction\",\"target\":[\"https:\\\/\\\/www.villabordoni.pro\\\/it\\\/camere-suite\\\/mezzuola-classic-double\\\/\"]}]},{\"@type\":\"ImageObject\",\"inLanguage\":\"it-IT\",\"@id\":\"https:\\\/\\\/www.villabordoni.pro\\\/it\\\/camere-suite\\\/mezzuola-classic-double\\\/#primaryimage\",\"url\":\"https:\\\/\\\/www.villabordoni.pro\\\/wp-content\\\/uploads\\\/2022\\\/02\\\/Mezzuola.jpg\",\"contentUrl\":\"https:\\\/\\\/www.villabordoni.pro\\\/wp-content\\\/uploads\\\/2022\\\/02\\\/Mezzuola.jpg\",\"width\":1920,\"height\":1080},{\"@type\":\"BreadcrumbList\",\"@id\":\"https:\\\/\\\/www.villabordoni.pro\\\/it\\\/camere-suite\\\/mezzuola-classic-double\\\/#breadcrumb\",\"itemListElement\":[{\"@type\":\"ListItem\",\"position\":1,\"name\":\"Home\",\"item\":\"https:\\\/\\\/www.villabordoni.pro\\\/it\\\/\"},{\"@type\":\"ListItem\",\"position\":2,\"name\":\"Camere &#038; Suite\",\"item\":\"https:\\\/\\\/www.villabordoni.pro\\\/it\\\/camere-suite\\\/\"},{\"@type\":\"ListItem\",\"position\":3,\"name\":\"Mezzuola Classic Double\"}]},{\"@type\":\"WebSite\",\"@id\":\"https:\\\/\\\/www.villabordoni.pro\\\/#website\",\"url\":\"https:\\\/\\\/www.villabordoni.pro\\\/\",\"name\":\"Villa Bordoni Chianti Hotel\",\"description\":\"Boutique hotel in the heart of Tuscany\",\"potentialAction\":[{\"@type\":\"SearchAction\",\"target\":{\"@type\":\"EntryPoint\",\"urlTemplate\":\"https:\\\/\\\/www.villabordoni.pro\\\/?s={search_term_string}\"},\"query-input\":{\"@type\":\"PropertyValueSpecification\",\"valueRequired\":true,\"valueName\":\"search_term_string\"}}],\"inLanguage\":\"it-IT\"}]}<\/script>\n<!-- \/ Yoast SEO plugin. -->","yoast_head_json":{"title":"Mezzuola | Camera Classic Double nel Chianti - Villa Bordoni","description":"La Mezzuola: camera con letto a baldacchino e bagno en suite tra i pi\u00f9 ampi dell'albergo. Decorazioni in stile toscano classico nel Chianti Classico.","robots":{"index":"index","follow":"follow","max-snippet":"max-snippet:-1","max-image-preview":"max-image-preview:large","max-video-preview":"max-video-preview:-1"},"canonical":"https:\/\/www.villabordoni.pro\/it\/camere-suite\/mezzuola-classic-double\/","og_locale":"it_IT","og_type":"article","og_title":"Mezzuola | Camera Classic Double nel Chianti - Villa Bordoni","og_description":"La Mezzuola: camera con letto a baldacchino e bagno en suite tra i pi\u00f9 ampi dell'albergo. Decorazioni in stile toscano classico nel Chianti Classico.","og_url":"https:\/\/www.villabordoni.pro\/it\/camere-suite\/mezzuola-classic-double\/","og_site_name":"Villa Bordoni Chianti Hotel","article_modified_time":"2026-03-08T12:22:49+00:00","og_image":[{"width":1920,"height":1080,"url":"https:\/\/www.villabordoni.pro\/wp-content\/uploads\/2022\/02\/Mezzuola.jpg","type":"image\/jpeg"}],"twitter_card":"summary_large_image","twitter_misc":{"Tempo di lettura stimato":"2 minuti"},"schema":{"@context":"https:\/\/schema.org","@graph":[{"@type":"WebPage","@id":"https:\/\/www.villabordoni.pro\/it\/camere-suite\/mezzuola-classic-double\/","url":"https:\/\/www.villabordoni.pro\/it\/camere-suite\/mezzuola-classic-double\/","name":"Mezzuola | Camera Classic Double nel Chianti - Villa Bordoni","isPartOf":{"@id":"https:\/\/www.villabordoni.pro\/#website"},"primaryImageOfPage":{"@id":"https:\/\/www.villabordoni.pro\/it\/camere-suite\/mezzuola-classic-double\/#primaryimage"},"image":{"@id":"https:\/\/www.villabordoni.pro\/it\/camere-suite\/mezzuola-classic-double\/#primaryimage"},"thumbnailUrl":"https:\/\/www.villabordoni.pro\/wp-content\/uploads\/2022\/02\/Mezzuola.jpg","datePublished":"2022-01-07T10:13:01+00:00","dateModified":"2026-03-08T12:22:49+00:00","description":"La Mezzuola: camera con letto a baldacchino e bagno en suite tra i pi\u00f9 ampi dell'albergo. Decorazioni in stile toscano classico nel Chianti Classico.","breadcrumb":{"@id":"https:\/\/www.villabordoni.pro\/it\/camere-suite\/mezzuola-classic-double\/#breadcrumb"},"inLanguage":"it-IT","potentialAction":[{"@type":"ReadAction","target":["https:\/\/www.villabordoni.pro\/it\/camere-suite\/mezzuola-classic-double\/"]}]},{"@type":"ImageObject","inLanguage":"it-IT","@id":"https:\/\/www.villabordoni.pro\/it\/camere-suite\/mezzuola-classic-double\/#primaryimage","url":"https:\/\/www.villabordoni.pro\/wp-content\/uploads\/2022\/02\/Mezzuola.jpg","contentUrl":"https:\/\/www.villabordoni.pro\/wp-content\/uploads\/2022\/02\/Mezzuola.jpg","width":1920,"height":1080},{"@type":"BreadcrumbList","@id":"https:\/\/www.villabordoni.pro\/it\/camere-suite\/mezzuola-classic-double\/#breadcrumb","itemListElement":[{"@type":"ListItem","position":1,"name":"Home","item":"https:\/\/www.villabordoni.pro\/it\/"},{"@type":"ListItem","position":2,"name":"Camere &#038; Suite","item":"https:\/\/www.villabordoni.pro\/it\/camere-suite\/"},{"@type":"ListItem","position":3,"name":"Mezzuola Classic Double"}]},{"@type":"WebSite","@id":"https:\/\/www.villabordoni.pro\/#website","url":"https:\/\/www.villabordoni.pro\/","name":"Villa Bordoni Chianti Hotel","description":"Boutique hotel in the heart of Tuscany","potentialAction":[{"@type":"SearchAction","target":{"@type":"EntryPoint","urlTemplate":"https:\/\/www.villabordoni.pro\/?s={search_term_string}"},"query-input":{"@type":"PropertyValueSpecification","valueRequired":true,"valueName":"search_term_string"}}],"inLanguage":"it-IT"}]}},"_links":{"self":[{"href":"https:\/\/www.villabordoni.pro\/it\/wp-json\/wp\/v2\/pages\/73","targetHints":{"allow":["GET"]}}],"collection":[{"href":"https:\/\/www.villabordoni.pro\/it\/wp-json\/wp\/v2\/pages"}],"about":[{"href":"https:\/\/www.villabordoni.pro\/it\/wp-json\/wp\/v2\/types\/page"}],"author":[{"embeddable":true,"href":"https:\/\/www.villabordoni.pro\/it\/wp-json\/wp\/v2\/users\/1"}],"replies":[{"embeddable":true,"href":"https:\/\/www.villabordoni.pro\/it\/wp-json\/wp\/v2\/comments?post=73"}],"version-history":[{"count":10,"href":"https:\/\/www.villabordoni.pro\/it\/wp-json\/wp\/v2\/pages\/73\/revisions"}],"predecessor-version":[{"id":1351,"href":"https:\/\/www.villabordoni.pro\/it\/wp-json\/wp\/v2\/pages\/73\/revisions\/1351"}],"up":[{"embeddable":true,"href":"https:\/\/www.villabordoni.pro\/it\/wp-json\/wp\/v2\/pages\/57"}],"wp:featuredmedia":[{"embeddable":true,"href":"https:\/\/www.villabordoni.pro\/it\/wp-json\/wp\/v2\/media\/619"}],"wp:attachment":[{"href":"https:\/\/www.villabordoni.pro\/it\/wp-json\/wp\/v2\/media?parent=73"}],"curies":[{"name":"wp","href":"https:\/\/api.w.org\/{rel}","templated":true}]}}