{"id":374,"date":"2022-01-31T23:51:46","date_gmt":"2022-01-31T22:51:46","guid":{"rendered":"https:\/\/www.villabordoni.pro\/food-wine\/the-winery\/"},"modified":"2022-03-03T18:59:04","modified_gmt":"2022-03-03T17:59:04","slug":"la-tenuta","status":"publish","type":"page","link":"https:\/\/www.villabordoni.pro\/it\/il-cibo-e-il-vino\/la-tenuta\/","title":{"rendered":"La Tenuta"},"content":{"rendered":"\n<p>La Tenuta di Monte-Ficali \u00e8 l&#8217;incarnazione del sogno e dell&#8217;aspirazione di David Gardner, Catherine Storrar, e del loro amico Christopher Meyer svizzero di origina, ma trappiantato a Miami.<\/p>\n\n\n\n<p>David e Catherine resiedono in Toscana da quasi 30 anni, dove da sempre lavorano nel mondo della ristorazione e dell&#8217;ospitalit\u00e0. La loro vita in Italia inizia da ristoratori a Firenze, dove hanno aperto noti ristoranti come Baldovino e Beccofino negli anni 90, per poi spostarsi nelle campagne del Chianti fiorentino, dove nel 2005 hanno aperto l&#8217;albergo e ristorante Villa Bordoni.<\/p>\n\n\n\n<p>In altri tempi, Villa Bordoni e il piccolo borgo di Mezzuola erano una fiorente azienda agricola, che produceva vini dal 1782 &#8211; ma non ha sopravissuto al passare del tempo &#8211; i vari terreni e vigne sono stati venduti in periodi diversi, essendo la villa e i pochi ettari di terreno circostante tutto ci\u00f2 che rimaneva della propriet\u00e0 originale.<\/p>\n\n\n\n<p>Il sogno di riprendere la produzione vinicola non si \u00e8 mai estinto per\u00f2, e qualche anno pi\u00f9 tardi \u00e8 sorta l&#8217;opportunit\u00e0 di acquisire terreni vinicoli sulle colline circostanti &#8211; terreni che attarversavano a piedi letteralmente tutti i giorni.<br>L&#8217;amico Chris, da tempo innamorato dai paesaggi magnifici del Chianti Classico fiorentino, si un\u00ec a loro con convinzione per creare la Tenuta di Monte-Ficali.<\/p>\n\n\n\n<p>Bench\u00e9 piccoli e umili, non siamo privi di ambizione; alla guida della nostra produzione abbiamo infatti una persona di grande esperienza, l&#8217;enologo Paolo Salvi, che ha lavorato insieme a noi per creare vini sinceri e rappresentativi della nostra regione, senza mai comprometterne la qualit\u00e0 &#8211; vini da assapporare insieme, e che ci riportano la mente verso ci\u00f2 che amiamo di pi\u00f9 della nostra Toscana.<\/p>\n","protected":false},"excerpt":{"rendered":"<p>La Tenuta di Monte-Ficali \u00e8 l&#8217;incarnazione del sogno e dell&#8217;aspirazione di David Gardner, Catherine Storrar, e del loro amico Christopher Meyer svizzero di origina, ma trappiantato a Miami. David e Catherine resiedono in Toscana da quasi 30 anni, dove da sempre lavorano nel mondo della ristorazione e dell&#8217;ospitalit\u00e0. La loro vita in Italia inizia da&#8230;<\/p>\n","protected":false},"author":1,"featured_media":1048,"parent":368,"menu_order":14,"comment_status":"closed","ping_status":"closed","template":"","meta":{"_acf_changed":false,"footnotes":""},"class_list":["post-374","page","type-page","status-publish","has-post-thumbnail","hentry"],"acf":[],"yoast_head":"<!-- This site is optimized with the Yoast SEO plugin v27.5 - https:\/\/yoast.com\/product\/yoast-seo-wordpress\/ -->\n<title>La Tenuta - Villa Bordoni Chianti Hotel<\/title>\n<meta name=\"description\" content=\"La Tenuta di Monte-Ficali \u00e8 l&#039;incarnazione del sogno e dell&#039;aspirazione di David Gardner, Catherine Storrar, e del loro amico Christopher Meyer svizzero di origina, ma trappiantato a Miami.\" \/>\n<meta name=\"robots\" content=\"index, follow, max-snippet:-1, max-image-preview:large, max-video-preview:-1\" \/>\n<link rel=\"canonical\" href=\"https:\/\/www.villabordoni.pro\/it\/il-cibo-e-il-vino\/la-tenuta\/\" \/>\n<meta property=\"og:locale\" content=\"it_IT\" \/>\n<meta property=\"og:type\" content=\"article\" \/>\n<meta property=\"og:title\" content=\"La Tenuta - Villa Bordoni Chianti Hotel\" \/>\n<meta property=\"og:description\" content=\"La Tenuta di Monte-Ficali \u00e8 l&#039;incarnazione del sogno e dell&#039;aspirazione di David Gardner, Catherine Storrar, e del loro amico Christopher Meyer svizzero di origina, ma trappiantato a Miami.\" \/>\n<meta property=\"og:url\" content=\"https:\/\/www.villabordoni.pro\/it\/il-cibo-e-il-vino\/la-tenuta\/\" \/>\n<meta property=\"og:site_name\" content=\"Villa Bordoni Chianti Hotel\" \/>\n<meta property=\"article:modified_time\" content=\"2022-03-03T17:59:04+00:00\" \/>\n<meta property=\"og:image\" content=\"https:\/\/www.villabordoni.pro\/wp-content\/uploads\/2022\/02\/Poggiolino-7683-1024x683.jpg\" \/>\n\t<meta property=\"og:image:width\" content=\"1024\" \/>\n\t<meta property=\"og:image:height\" content=\"683\" \/>\n\t<meta property=\"og:image:type\" content=\"image\/jpeg\" \/>\n<meta name=\"twitter:card\" content=\"summary_large_image\" \/>\n<meta name=\"twitter:label1\" content=\"Tempo di lettura stimato\" \/>\n\t<meta name=\"twitter:data1\" content=\"2 minuti\" \/>\n<script type=\"application\/ld+json\" class=\"yoast-schema-graph\">{\"@context\":\"https:\\\/\\\/schema.org\",\"@graph\":[{\"@type\":\"WebPage\",\"@id\":\"https:\\\/\\\/www.villabordoni.pro\\\/it\\\/il-cibo-e-il-vino\\\/la-tenuta\\\/\",\"url\":\"https:\\\/\\\/www.villabordoni.pro\\\/it\\\/il-cibo-e-il-vino\\\/la-tenuta\\\/\",\"name\":\"La Tenuta - Villa Bordoni Chianti Hotel\",\"isPartOf\":{\"@id\":\"https:\\\/\\\/www.villabordoni.pro\\\/#website\"},\"primaryImageOfPage\":{\"@id\":\"https:\\\/\\\/www.villabordoni.pro\\\/it\\\/il-cibo-e-il-vino\\\/la-tenuta\\\/#primaryimage\"},\"image\":{\"@id\":\"https:\\\/\\\/www.villabordoni.pro\\\/it\\\/il-cibo-e-il-vino\\\/la-tenuta\\\/#primaryimage\"},\"thumbnailUrl\":\"https:\\\/\\\/www.villabordoni.pro\\\/wp-content\\\/uploads\\\/2022\\\/02\\\/Poggiolino-7683.jpg\",\"datePublished\":\"2022-01-31T22:51:46+00:00\",\"dateModified\":\"2022-03-03T17:59:04+00:00\",\"description\":\"La Tenuta di Monte-Ficali \u00e8 l'incarnazione del sogno e dell'aspirazione di David Gardner, Catherine Storrar, e del loro amico Christopher Meyer svizzero di origina, ma trappiantato a Miami.\",\"breadcrumb\":{\"@id\":\"https:\\\/\\\/www.villabordoni.pro\\\/it\\\/il-cibo-e-il-vino\\\/la-tenuta\\\/#breadcrumb\"},\"inLanguage\":\"it-IT\",\"potentialAction\":[{\"@type\":\"ReadAction\",\"target\":[\"https:\\\/\\\/www.villabordoni.pro\\\/it\\\/il-cibo-e-il-vino\\\/la-tenuta\\\/\"]}]},{\"@type\":\"ImageObject\",\"inLanguage\":\"it-IT\",\"@id\":\"https:\\\/\\\/www.villabordoni.pro\\\/it\\\/il-cibo-e-il-vino\\\/la-tenuta\\\/#primaryimage\",\"url\":\"https:\\\/\\\/www.villabordoni.pro\\\/wp-content\\\/uploads\\\/2022\\\/02\\\/Poggiolino-7683.jpg\",\"contentUrl\":\"https:\\\/\\\/www.villabordoni.pro\\\/wp-content\\\/uploads\\\/2022\\\/02\\\/Poggiolino-7683.jpg\",\"width\":1980,\"height\":1320},{\"@type\":\"BreadcrumbList\",\"@id\":\"https:\\\/\\\/www.villabordoni.pro\\\/it\\\/il-cibo-e-il-vino\\\/la-tenuta\\\/#breadcrumb\",\"itemListElement\":[{\"@type\":\"ListItem\",\"position\":1,\"name\":\"Home\",\"item\":\"https:\\\/\\\/www.villabordoni.pro\\\/it\\\/\"},{\"@type\":\"ListItem\",\"position\":2,\"name\":\"Il cibo e il vino\",\"item\":\"https:\\\/\\\/www.villabordoni.pro\\\/it\\\/il-cibo-e-il-vino\\\/\"},{\"@type\":\"ListItem\",\"position\":3,\"name\":\"La Tenuta\"}]},{\"@type\":\"WebSite\",\"@id\":\"https:\\\/\\\/www.villabordoni.pro\\\/#website\",\"url\":\"https:\\\/\\\/www.villabordoni.pro\\\/\",\"name\":\"Villa Bordoni Chianti Hotel\",\"description\":\"Boutique hotel in the heart of Tuscany\",\"potentialAction\":[{\"@type\":\"SearchAction\",\"target\":{\"@type\":\"EntryPoint\",\"urlTemplate\":\"https:\\\/\\\/www.villabordoni.pro\\\/?s={search_term_string}\"},\"query-input\":{\"@type\":\"PropertyValueSpecification\",\"valueRequired\":true,\"valueName\":\"search_term_string\"}}],\"inLanguage\":\"it-IT\"}]}<\/script>\n<!-- \/ Yoast SEO plugin. -->","yoast_head_json":{"title":"La Tenuta - Villa Bordoni Chianti Hotel","description":"La Tenuta di Monte-Ficali \u00e8 l'incarnazione del sogno e dell'aspirazione di David Gardner, Catherine Storrar, e del loro amico Christopher Meyer svizzero di origina, ma trappiantato a Miami.","robots":{"index":"index","follow":"follow","max-snippet":"max-snippet:-1","max-image-preview":"max-image-preview:large","max-video-preview":"max-video-preview:-1"},"canonical":"https:\/\/www.villabordoni.pro\/it\/il-cibo-e-il-vino\/la-tenuta\/","og_locale":"it_IT","og_type":"article","og_title":"La Tenuta - Villa Bordoni Chianti Hotel","og_description":"La Tenuta di Monte-Ficali \u00e8 l'incarnazione del sogno e dell'aspirazione di David Gardner, Catherine Storrar, e del loro amico Christopher Meyer svizzero di origina, ma trappiantato a Miami.","og_url":"https:\/\/www.villabordoni.pro\/it\/il-cibo-e-il-vino\/la-tenuta\/","og_site_name":"Villa Bordoni Chianti Hotel","article_modified_time":"2022-03-03T17:59:04+00:00","og_image":[{"width":1024,"height":683,"url":"https:\/\/www.villabordoni.pro\/wp-content\/uploads\/2022\/02\/Poggiolino-7683-1024x683.jpg","type":"image\/jpeg"}],"twitter_card":"summary_large_image","twitter_misc":{"Tempo di lettura stimato":"2 minuti"},"schema":{"@context":"https:\/\/schema.org","@graph":[{"@type":"WebPage","@id":"https:\/\/www.villabordoni.pro\/it\/il-cibo-e-il-vino\/la-tenuta\/","url":"https:\/\/www.villabordoni.pro\/it\/il-cibo-e-il-vino\/la-tenuta\/","name":"La Tenuta - Villa Bordoni Chianti Hotel","isPartOf":{"@id":"https:\/\/www.villabordoni.pro\/#website"},"primaryImageOfPage":{"@id":"https:\/\/www.villabordoni.pro\/it\/il-cibo-e-il-vino\/la-tenuta\/#primaryimage"},"image":{"@id":"https:\/\/www.villabordoni.pro\/it\/il-cibo-e-il-vino\/la-tenuta\/#primaryimage"},"thumbnailUrl":"https:\/\/www.villabordoni.pro\/wp-content\/uploads\/2022\/02\/Poggiolino-7683.jpg","datePublished":"2022-01-31T22:51:46+00:00","dateModified":"2022-03-03T17:59:04+00:00","description":"La Tenuta di Monte-Ficali \u00e8 l'incarnazione del sogno e dell'aspirazione di David Gardner, Catherine Storrar, e del loro amico Christopher Meyer svizzero di origina, ma trappiantato a Miami.","breadcrumb":{"@id":"https:\/\/www.villabordoni.pro\/it\/il-cibo-e-il-vino\/la-tenuta\/#breadcrumb"},"inLanguage":"it-IT","potentialAction":[{"@type":"ReadAction","target":["https:\/\/www.villabordoni.pro\/it\/il-cibo-e-il-vino\/la-tenuta\/"]}]},{"@type":"ImageObject","inLanguage":"it-IT","@id":"https:\/\/www.villabordoni.pro\/it\/il-cibo-e-il-vino\/la-tenuta\/#primaryimage","url":"https:\/\/www.villabordoni.pro\/wp-content\/uploads\/2022\/02\/Poggiolino-7683.jpg","contentUrl":"https:\/\/www.villabordoni.pro\/wp-content\/uploads\/2022\/02\/Poggiolino-7683.jpg","width":1980,"height":1320},{"@type":"BreadcrumbList","@id":"https:\/\/www.villabordoni.pro\/it\/il-cibo-e-il-vino\/la-tenuta\/#breadcrumb","itemListElement":[{"@type":"ListItem","position":1,"name":"Home","item":"https:\/\/www.villabordoni.pro\/it\/"},{"@type":"ListItem","position":2,"name":"Il cibo e il vino","item":"https:\/\/www.villabordoni.pro\/it\/il-cibo-e-il-vino\/"},{"@type":"ListItem","position":3,"name":"La Tenuta"}]},{"@type":"WebSite","@id":"https:\/\/www.villabordoni.pro\/#website","url":"https:\/\/www.villabordoni.pro\/","name":"Villa Bordoni Chianti Hotel","description":"Boutique hotel in the heart of Tuscany","potentialAction":[{"@type":"SearchAction","target":{"@type":"EntryPoint","urlTemplate":"https:\/\/www.villabordoni.pro\/?s={search_term_string}"},"query-input":{"@type":"PropertyValueSpecification","valueRequired":true,"valueName":"search_term_string"}}],"inLanguage":"it-IT"}]}},"_links":{"self":[{"href":"https:\/\/www.villabordoni.pro\/it\/wp-json\/wp\/v2\/pages\/374","targetHints":{"allow":["GET"]}}],"collection":[{"href":"https:\/\/www.villabordoni.pro\/it\/wp-json\/wp\/v2\/pages"}],"about":[{"href":"https:\/\/www.villabordoni.pro\/it\/wp-json\/wp\/v2\/types\/page"}],"author":[{"embeddable":true,"href":"https:\/\/www.villabordoni.pro\/it\/wp-json\/wp\/v2\/users\/1"}],"replies":[{"embeddable":true,"href":"https:\/\/www.villabordoni.pro\/it\/wp-json\/wp\/v2\/comments?post=374"}],"version-history":[{"count":6,"href":"https:\/\/www.villabordoni.pro\/it\/wp-json\/wp\/v2\/pages\/374\/revisions"}],"predecessor-version":[{"id":1604,"href":"https:\/\/www.villabordoni.pro\/it\/wp-json\/wp\/v2\/pages\/374\/revisions\/1604"}],"up":[{"embeddable":true,"href":"https:\/\/www.villabordoni.pro\/it\/wp-json\/wp\/v2\/pages\/368"}],"wp:featuredmedia":[{"embeddable":true,"href":"https:\/\/www.villabordoni.pro\/it\/wp-json\/wp\/v2\/media\/1048"}],"wp:attachment":[{"href":"https:\/\/www.villabordoni.pro\/it\/wp-json\/wp\/v2\/media?parent=374"}],"curies":[{"name":"wp","href":"https:\/\/api.w.org\/{rel}","templated":true}]}}